{"id":1559,"date":"2025-08-22T18:15:09","date_gmt":"2025-08-22T18:15:09","guid":{"rendered":"https:\/\/auracurveus.com\/?post_type=product&#038;p=1559"},"modified":"2025-10-01T19:03:27","modified_gmt":"2025-10-01T19:03:27","slug":"butt-lift-panty-high-compression","status":"publish","type":"product","link":"https:\/\/auracurveus.com\/es\/product\/butt-lift-panty-high-compression\/","title":{"rendered":"Panty Levanta Cola \u2013 Alta Compresi\u00f3n"},"content":{"rendered":"<p>- Elevador de gl\u00fateos<br \/>\n- Top de encaje con 4 varillas<br \/>\n- Refuerzo abdominal para una mayor compresi\u00f3n<br \/>\n- Cord\u00f3n de silicona antideslizante en cintura y piernas<br \/>\n- Tejido interior y gl\u00fateos en Lycra<br \/>\n- Tejido exterior en Powernet de alta compresi\u00f3n<\/p>\n<p><img class=\"\" \/><\/p>","protected":false},"excerpt":{"rendered":"<p>C\u00f3modas braguitas de firme compresi\u00f3n dise\u00f1adas para levantar las caderas y dar forma a los muslos con cierres ajustables y encaje antideslizante.<\/p>","protected":false},"featured_media":1566,"comment_status":"open","ping_status":"closed","template":"","meta":{"_kadence_starter_templates_imported_post":false,"_kad_post_transparent":"default","_kad_post_title":"","_kad_post_layout":"default","_kad_post_sidebar_id":"","_kad_post_content_style":"default","_kad_post_vertical_padding":"default","_kad_post_feature":"","_kad_post_feature_position":"","_kad_post_header":false,"_kad_post_footer":false,"_glsr_average":5,"_glsr_ranking":3.6363636363636,"_glsr_reviews":1},"product_brand":[],"product_cat":[26],"product_tag":[37,36,38,35,29,32],"class_list":{"0":"post-1559","1":"product","2":"type-product","3":"status-publish","4":"has-post-thumbnail","6":"product_cat-body-shorts-panties","7":"product_tag-body-panties","8":"product_tag-body-shorts","9":"product_tag-high-compression","10":"product_tag-shapers","11":"product_tag-shapewear","12":"product_tag-women","14":"first","15":"instock","16":"taxable","17":"shipping-taxable","18":"purchasable","19":"product-type-variable","20":"entry","21":"content-bg","22":"loop-entry"},"aioseo_notices":[],"jetpack_sharing_enabled":true,"_links":{"self":[{"href":"https:\/\/auracurveus.com\/es\/wp-json\/wp\/v2\/product\/1559","targetHints":{"allow":["GET"]}}],"collection":[{"href":"https:\/\/auracurveus.com\/es\/wp-json\/wp\/v2\/product"}],"about":[{"href":"https:\/\/auracurveus.com\/es\/wp-json\/wp\/v2\/types\/product"}],"replies":[{"embeddable":true,"href":"https:\/\/auracurveus.com\/es\/wp-json\/wp\/v2\/comments?post=1559"}],"wp:featuredmedia":[{"embeddable":true,"href":"https:\/\/auracurveus.com\/es\/wp-json\/wp\/v2\/media\/1566"}],"wp:attachment":[{"href":"https:\/\/auracurveus.com\/es\/wp-json\/wp\/v2\/media?parent=1559"}],"wp:term":[{"taxonomy":"product_brand","embeddable":true,"href":"https:\/\/auracurveus.com\/es\/wp-json\/wp\/v2\/product_brand?post=1559"},{"taxonomy":"product_cat","embeddable":true,"href":"https:\/\/auracurveus.com\/es\/wp-json\/wp\/v2\/product_cat?post=1559"},{"taxonomy":"product_tag","embeddable":true,"href":"https:\/\/auracurveus.com\/es\/wp-json\/wp\/v2\/product_tag?post=1559"}],"curies":[{"name":"wp","href":"https:\/\/api.w.org\/{rel}","templated":true}]}}