{"id":1548,"date":"2025-08-22T18:03:08","date_gmt":"2025-08-22T18:03:08","guid":{"rendered":"https:\/\/auracurveus.com\/?post_type=product&#038;p=1548"},"modified":"2025-09-28T19:28:18","modified_gmt":"2025-09-28T19:28:18","slug":"hourglass-waist-cincher-with-elastic-max-compression","status":"publish","type":"product","link":"https:\/\/auracurveus.com\/es\/product\/hourglass-waist-cincher-with-elastic-max-compression\/","title":{"rendered":"Cinturilla Reloj de Arena con El\u00e1stico \u2013 M\u00e1xima Compresi\u00f3n"},"content":{"rendered":"<p>\u2022 9 steel bones<br \/>\n\u2022 3 levels of abdominal adjustment<br \/>\n\u2022 Adjustable elastic straps with velcro for greater compression<br \/>\n\u2022 Corrects posture<br \/>\n\u2022 Inner lining in Lycra<br \/>\n- Tejido exterior en Powernet de alta compresi\u00f3n<\/p>","protected":false},"excerpt":{"rendered":"<p>Dise\u00f1ado para esculpir la cintura, aplanar el abdomen y mejorar la postura, proporcionando la m\u00e1xima compresi\u00f3n con comodidad para el uso diario o en ocasiones especiales.<\/p>","protected":false},"featured_media":1557,"comment_status":"open","ping_status":"closed","template":"","meta":{"_kadence_starter_templates_imported_post":false,"_kad_post_transparent":"default","_kad_post_title":"","_kad_post_layout":"default","_kad_post_sidebar_id":"","_kad_post_content_style":"default","_kad_post_vertical_padding":"default","_kad_post_feature":"","_kad_post_feature_position":"","_kad_post_header":false,"_kad_post_footer":false,"_glsr_average":0,"_glsr_ranking":0,"_glsr_reviews":0},"product_brand":[],"product_cat":[23],"product_tag":[47,31,35,29,30],"class_list":{"0":"post-1548","1":"product","2":"type-product","3":"status-publish","4":"has-post-thumbnail","6":"product_cat-waist-cinchers-shapers","7":"product_tag-hourglass-shaper","8":"product_tag-maximum-compression","9":"product_tag-shapers","10":"product_tag-shapewear","11":"product_tag-waist-cinchers","13":"first","14":"instock","15":"taxable","16":"shipping-taxable","17":"purchasable","18":"product-type-variable","19":"entry","20":"content-bg","21":"loop-entry"},"aioseo_notices":[],"jetpack_sharing_enabled":true,"_links":{"self":[{"href":"https:\/\/auracurveus.com\/es\/wp-json\/wp\/v2\/product\/1548","targetHints":{"allow":["GET"]}}],"collection":[{"href":"https:\/\/auracurveus.com\/es\/wp-json\/wp\/v2\/product"}],"about":[{"href":"https:\/\/auracurveus.com\/es\/wp-json\/wp\/v2\/types\/product"}],"replies":[{"embeddable":true,"href":"https:\/\/auracurveus.com\/es\/wp-json\/wp\/v2\/comments?post=1548"}],"wp:featuredmedia":[{"embeddable":true,"href":"https:\/\/auracurveus.com\/es\/wp-json\/wp\/v2\/media\/1557"}],"wp:attachment":[{"href":"https:\/\/auracurveus.com\/es\/wp-json\/wp\/v2\/media?parent=1548"}],"wp:term":[{"taxonomy":"product_brand","embeddable":true,"href":"https:\/\/auracurveus.com\/es\/wp-json\/wp\/v2\/product_brand?post=1548"},{"taxonomy":"product_cat","embeddable":true,"href":"https:\/\/auracurveus.com\/es\/wp-json\/wp\/v2\/product_cat?post=1548"},{"taxonomy":"product_tag","embeddable":true,"href":"https:\/\/auracurveus.com\/es\/wp-json\/wp\/v2\/product_tag?post=1548"}],"curies":[{"name":"wp","href":"https:\/\/api.w.org\/{rel}","templated":true}]}}