{"id":1513,"date":"2025-08-16T21:12:40","date_gmt":"2025-08-16T21:12:40","guid":{"rendered":"https:\/\/auracurveus.com\/?post_type=product&#038;p=1513"},"modified":"2025-09-02T14:40:53","modified_gmt":"2025-09-02T14:40:53","slug":"post-surgery-with-sleeves-side-zipper-medium-compression","status":"publish","type":"product","link":"https:\/\/auracurveus.com\/es\/product\/post-surgery-with-sleeves-side-zipper-medium-compression\/","title":{"rendered":"Post Manga Cierre Lateral \u2013 Mediana Compresi\u00f3n"},"content":{"rendered":"<p>\u2022 Lycra sleeves<br \/>\n\u2022 Reinforced side zipper closure with internal hooks<br \/>\n\u2022 Opening for bathroom use<br \/>\n\u2022 Knee-length legs<br \/>\n- Tejido interior y gl\u00fateos en Lycra<br \/>\n\u2022 Outer fabric in medium compression Powernet<\/p>","protected":false},"excerpt":{"rendered":"<p>Prendas de compresi\u00f3n media dise\u00f1adas para la recuperaci\u00f3n postoperatoria, con cierres reforzados y f\u00e1cil acceso para ir al ba\u00f1o, que proporcionan sujeci\u00f3n y comodidad.<\/p>","protected":false},"featured_media":1518,"comment_status":"open","ping_status":"closed","template":"","meta":{"_kadence_starter_templates_imported_post":false,"_kad_post_transparent":"default","_kad_post_title":"","_kad_post_layout":"default","_kad_post_sidebar_id":"","_kad_post_content_style":"default","_kad_post_vertical_padding":"default","_kad_post_feature":"","_kad_post_feature_position":"","_kad_post_header":false,"_kad_post_footer":false,"_glsr_average":0,"_glsr_ranking":0,"_glsr_reviews":0},"product_brand":[],"product_cat":[28],"product_tag":[43,44,29],"class_list":{"0":"post-1513","1":"product","2":"type-product","3":"status-publish","4":"has-post-thumbnail","6":"product_cat-post-surgical-shapewear","7":"product_tag-medium-compression","8":"product_tag-post-surgery-shapewear","9":"product_tag-shapewear","11":"first","12":"instock","13":"taxable","14":"shipping-taxable","15":"purchasable","16":"product-type-variable","17":"entry","18":"content-bg","19":"loop-entry"},"aioseo_notices":[],"jetpack_sharing_enabled":true,"_links":{"self":[{"href":"https:\/\/auracurveus.com\/es\/wp-json\/wp\/v2\/product\/1513","targetHints":{"allow":["GET"]}}],"collection":[{"href":"https:\/\/auracurveus.com\/es\/wp-json\/wp\/v2\/product"}],"about":[{"href":"https:\/\/auracurveus.com\/es\/wp-json\/wp\/v2\/types\/product"}],"replies":[{"embeddable":true,"href":"https:\/\/auracurveus.com\/es\/wp-json\/wp\/v2\/comments?post=1513"}],"wp:featuredmedia":[{"embeddable":true,"href":"https:\/\/auracurveus.com\/es\/wp-json\/wp\/v2\/media\/1518"}],"wp:attachment":[{"href":"https:\/\/auracurveus.com\/es\/wp-json\/wp\/v2\/media?parent=1513"}],"wp:term":[{"taxonomy":"product_brand","embeddable":true,"href":"https:\/\/auracurveus.com\/es\/wp-json\/wp\/v2\/product_brand?post=1513"},{"taxonomy":"product_cat","embeddable":true,"href":"https:\/\/auracurveus.com\/es\/wp-json\/wp\/v2\/product_cat?post=1513"},{"taxonomy":"product_tag","embeddable":true,"href":"https:\/\/auracurveus.com\/es\/wp-json\/wp\/v2\/product_tag?post=1513"}],"curies":[{"name":"wp","href":"https:\/\/api.w.org\/{rel}","templated":true}]}}