{"id":1500,"date":"2025-08-16T20:48:39","date_gmt":"2025-08-16T20:48:39","guid":{"rendered":"https:\/\/auracurveus.com\/?post_type=product&#038;p=1500"},"modified":"2025-09-28T19:29:46","modified_gmt":"2025-09-28T19:29:46","slug":"mens-shaping-vest-with-zipper-high-compression","status":"publish","type":"product","link":"https:\/\/auracurveus.com\/es\/product\/mens-shaping-vest-with-zipper-high-compression\/","title":{"rendered":"Chaleco de Hombre con Cierre \u2013 Alta Compresi\u00f3n"},"content":{"rendered":"<p>\u2022 Shapes abdominal and back area<br \/>\n\u2022 Corrects posture<br \/>\n\u2022 Front zipper reinforced with internal hooks<br \/>\n\u2022 Inner Lycra lining<br \/>\n- Tejido exterior en Powernet de alta compresi\u00f3n<\/p>","protected":false},"excerpt":{"rendered":"<p>C\u00f3modos chalecos para hombre con compresi\u00f3n ajustable dise\u00f1ados para moldear el torso, apoyar la postura y ofrecer un firme control del abdomen y la espalda.<\/p>","protected":false},"featured_media":1501,"comment_status":"open","ping_status":"closed","template":"","meta":{"_kadence_starter_templates_imported_post":false,"_kad_post_transparent":"default","_kad_post_title":"","_kad_post_layout":"default","_kad_post_sidebar_id":"","_kad_post_content_style":"default","_kad_post_vertical_padding":"default","_kad_post_feature":"","_kad_post_feature_position":"","_kad_post_header":false,"_kad_post_footer":false,"_glsr_average":0,"_glsr_ranking":0,"_glsr_reviews":0},"product_brand":[],"product_cat":[24],"product_tag":[41,40,35,29,33,34],"class_list":{"0":"post-1500","1":"product","2":"type-product","3":"status-publish","4":"has-post-thumbnail","6":"product_cat-shaping-vests","7":"product_tag-men-compression-vest","8":"product_tag-men-shapewear","9":"product_tag-shapers","10":"product_tag-shapewear","11":"product_tag-shaping-vest","12":"product_tag-vest","14":"first","15":"instock","16":"taxable","17":"shipping-taxable","18":"purchasable","19":"product-type-variable","20":"entry","21":"content-bg","22":"loop-entry"},"aioseo_notices":[],"jetpack_sharing_enabled":true,"_links":{"self":[{"href":"https:\/\/auracurveus.com\/es\/wp-json\/wp\/v2\/product\/1500","targetHints":{"allow":["GET"]}}],"collection":[{"href":"https:\/\/auracurveus.com\/es\/wp-json\/wp\/v2\/product"}],"about":[{"href":"https:\/\/auracurveus.com\/es\/wp-json\/wp\/v2\/types\/product"}],"replies":[{"embeddable":true,"href":"https:\/\/auracurveus.com\/es\/wp-json\/wp\/v2\/comments?post=1500"}],"wp:featuredmedia":[{"embeddable":true,"href":"https:\/\/auracurveus.com\/es\/wp-json\/wp\/v2\/media\/1501"}],"wp:attachment":[{"href":"https:\/\/auracurveus.com\/es\/wp-json\/wp\/v2\/media?parent=1500"}],"wp:term":[{"taxonomy":"product_brand","embeddable":true,"href":"https:\/\/auracurveus.com\/es\/wp-json\/wp\/v2\/product_brand?post=1500"},{"taxonomy":"product_cat","embeddable":true,"href":"https:\/\/auracurveus.com\/es\/wp-json\/wp\/v2\/product_cat?post=1500"},{"taxonomy":"product_tag","embeddable":true,"href":"https:\/\/auracurveus.com\/es\/wp-json\/wp\/v2\/product_tag?post=1500"}],"curies":[{"name":"wp","href":"https:\/\/api.w.org\/{rel}","templated":true}]}}