{"id":1482,"date":"2025-08-16T20:21:38","date_gmt":"2025-08-16T20:21:38","guid":{"rendered":"https:\/\/auracurveus.com\/?post_type=product&#038;p=1482"},"modified":"2025-09-28T19:42:03","modified_gmt":"2025-09-28T19:42:03","slug":"body-panty-high-compression","status":"publish","type":"product","link":"https:\/\/auracurveus.com\/es\/product\/body-panty-high-compression\/","title":{"rendered":"Body Panty \u2013 Alta Compresi\u00f3n"},"content":{"rendered":"<p>\u2022 Adjustable shoulder straps<br \/>\n\u2022 Reinforced front closure with internal hooks<br \/>\n\u2022 3-level adjustable crotch hooks<br \/>\n\u2022 Silicone lace anti-slip on legs<br \/>\n- Tejido interior y gl\u00fateos en Lycra<br \/>\n- Tejido exterior en Powernet de alta compresi\u00f3n<\/p>","protected":false},"excerpt":{"rendered":"<p>C\u00f3modos shorts y braguitas de compresi\u00f3n firme dise\u00f1ados para levantar las caderas y dar forma a los muslos con cierres ajustables y encaje antideslizante.<\/p>","protected":false},"featured_media":1495,"comment_status":"open","ping_status":"closed","template":"","meta":{"_kadence_starter_templates_imported_post":false,"_kad_post_transparent":"default","_kad_post_title":"","_kad_post_layout":"default","_kad_post_sidebar_id":"","_kad_post_content_style":"default","_kad_post_vertical_padding":"default","_kad_post_feature":"","_kad_post_feature_position":"","_kad_post_header":false,"_kad_post_footer":false,"_glsr_average":0,"_glsr_ranking":0,"_glsr_reviews":0},"product_brand":[],"product_cat":[26],"product_tag":[37,36,38,35,29],"class_list":{"0":"post-1482","1":"product","2":"type-product","3":"status-publish","4":"has-post-thumbnail","6":"product_cat-body-shorts-panties","7":"product_tag-body-panties","8":"product_tag-body-shorts","9":"product_tag-high-compression","10":"product_tag-shapers","11":"product_tag-shapewear","13":"first","14":"instock","15":"taxable","16":"shipping-taxable","17":"purchasable","18":"product-type-variable","19":"entry","20":"content-bg","21":"loop-entry"},"aioseo_notices":[],"jetpack_sharing_enabled":true,"_links":{"self":[{"href":"https:\/\/auracurveus.com\/es\/wp-json\/wp\/v2\/product\/1482","targetHints":{"allow":["GET"]}}],"collection":[{"href":"https:\/\/auracurveus.com\/es\/wp-json\/wp\/v2\/product"}],"about":[{"href":"https:\/\/auracurveus.com\/es\/wp-json\/wp\/v2\/types\/product"}],"replies":[{"embeddable":true,"href":"https:\/\/auracurveus.com\/es\/wp-json\/wp\/v2\/comments?post=1482"}],"wp:featuredmedia":[{"embeddable":true,"href":"https:\/\/auracurveus.com\/es\/wp-json\/wp\/v2\/media\/1495"}],"wp:attachment":[{"href":"https:\/\/auracurveus.com\/es\/wp-json\/wp\/v2\/media?parent=1482"}],"wp:term":[{"taxonomy":"product_brand","embeddable":true,"href":"https:\/\/auracurveus.com\/es\/wp-json\/wp\/v2\/product_brand?post=1482"},{"taxonomy":"product_cat","embeddable":true,"href":"https:\/\/auracurveus.com\/es\/wp-json\/wp\/v2\/product_cat?post=1482"},{"taxonomy":"product_tag","embeddable":true,"href":"https:\/\/auracurveus.com\/es\/wp-json\/wp\/v2\/product_tag?post=1482"}],"curies":[{"name":"wp","href":"https:\/\/api.w.org\/{rel}","templated":true}]}}