{"id":1466,"date":"2025-08-16T18:24:50","date_gmt":"2025-08-16T18:24:50","guid":{"rendered":"https:\/\/auracurveus.com\/?post_type=product&#038;p=1466"},"modified":"2025-09-02T14:43:40","modified_gmt":"2025-09-02T14:43:40","slug":"strapless-with-hooks-high-compression","status":"publish","type":"product","link":"https:\/\/auracurveus.com\/es\/product\/strapless-with-hooks-high-compression\/","title":{"rendered":"Strapless con Broches \u2013 Alta Compresi\u00f3n"},"content":{"rendered":"<p>\u2022 Adjustable\/removable straps<br \/>\n\u2022 3 abdominal adjustment levels<br \/>\n\u2022 Perineal closure for bathroom use<br \/>\n\u2022 Silicone elastic anti-slip on torso<br \/>\n\u2022 Silicone lace anti-slip on legs<br \/>\n- Tejido interior y gl\u00fateos en Lycra<br \/>\n- Tejido exterior en Powernet de alta compresi\u00f3n<br \/>\n- Elevador de gl\u00fateos<\/p>","protected":false},"excerpt":{"rendered":"<p>Prendas sin tirantes que ofrecen una firme compresi\u00f3n abdominal con tirantes ajustables y extra\u00edbles, bandas el\u00e1sticas antideslizantes y cierres aptos para el ba\u00f1o.<\/p>","protected":false},"featured_media":1467,"comment_status":"open","ping_status":"closed","template":"","meta":{"_kadence_starter_templates_imported_post":false,"_kad_post_transparent":"default","_kad_post_title":"","_kad_post_layout":"default","_kad_post_sidebar_id":"","_kad_post_content_style":"default","_kad_post_vertical_padding":"default","_kad_post_feature":"","_kad_post_feature_position":"","_kad_post_header":false,"_kad_post_footer":false,"_glsr_average":0,"_glsr_ranking":0,"_glsr_reviews":0},"product_brand":[],"product_cat":[27],"product_tag":[38,35,29,39],"class_list":{"0":"post-1466","1":"product","2":"type-product","3":"status-publish","4":"has-post-thumbnail","6":"product_cat-strapless-shapewear","7":"product_tag-high-compression","8":"product_tag-shapers","9":"product_tag-shapewear","10":"product_tag-strapless","12":"first","13":"instock","14":"taxable","15":"shipping-taxable","16":"purchasable","17":"product-type-variable","18":"entry","19":"content-bg","20":"loop-entry"},"aioseo_notices":[],"jetpack_sharing_enabled":true,"_links":{"self":[{"href":"https:\/\/auracurveus.com\/es\/wp-json\/wp\/v2\/product\/1466","targetHints":{"allow":["GET"]}}],"collection":[{"href":"https:\/\/auracurveus.com\/es\/wp-json\/wp\/v2\/product"}],"about":[{"href":"https:\/\/auracurveus.com\/es\/wp-json\/wp\/v2\/types\/product"}],"replies":[{"embeddable":true,"href":"https:\/\/auracurveus.com\/es\/wp-json\/wp\/v2\/comments?post=1466"}],"wp:featuredmedia":[{"embeddable":true,"href":"https:\/\/auracurveus.com\/es\/wp-json\/wp\/v2\/media\/1467"}],"wp:attachment":[{"href":"https:\/\/auracurveus.com\/es\/wp-json\/wp\/v2\/media?parent=1466"}],"wp:term":[{"taxonomy":"product_brand","embeddable":true,"href":"https:\/\/auracurveus.com\/es\/wp-json\/wp\/v2\/product_brand?post=1466"},{"taxonomy":"product_cat","embeddable":true,"href":"https:\/\/auracurveus.com\/es\/wp-json\/wp\/v2\/product_cat?post=1466"},{"taxonomy":"product_tag","embeddable":true,"href":"https:\/\/auracurveus.com\/es\/wp-json\/wp\/v2\/product_tag?post=1466"}],"curies":[{"name":"wp","href":"https:\/\/api.w.org\/{rel}","templated":true}]}}