{"id":1366,"date":"2025-08-12T20:30:15","date_gmt":"2025-08-12T20:30:15","guid":{"rendered":"https:\/\/auracurveus.com\/?post_type=product&#038;p=1366"},"modified":"2025-09-28T19:52:21","modified_gmt":"2025-09-28T19:52:21","slug":"xtreme-shaping-vest","status":"publish","type":"product","link":"https:\/\/auracurveus.com\/es\/product\/xtreme-shaping-vest\/","title":{"rendered":"Chaleco Xtreme \u2013 M\u00e1xima Compresi\u00f3n"},"content":{"rendered":"<ul>\n<li>Maximun Compression Shapewear<\/li>\n<li>9 steel bones<\/li>\n<li>Internal elastic for greater compression<\/li>\n<li>Adjustable shoulder straps<\/li>\n<li>3 abdominal adjustment levels<\/li>\n<li>Support hooks to slide the zipper<\/li>\n<li>Golden zipper and closure<\/li>\n<li>Inner cotton lining<\/li>\n<li>Outer fabric in high-compression Powernet<\/li>\n<li>Corrects posture<\/li>\n<\/ul>\n<p>&nbsp;<\/p>","protected":false},"excerpt":{"rendered":"<p>C\u00f3modos chalecos con compresi\u00f3n ajustable dise\u00f1ados para moldear el torso, apoyar la postura y ofrecer un firme control del abdomen y la espalda.<\/p>","protected":false},"featured_media":1742,"comment_status":"open","ping_status":"closed","template":"","meta":{"_kadence_starter_templates_imported_post":false,"_kad_post_transparent":"default","_kad_post_title":"","_kad_post_layout":"default","_kad_post_sidebar_id":"","_kad_post_content_style":"default","_kad_post_vertical_padding":"default","_kad_post_feature":"","_kad_post_feature_position":"","_kad_post_header":false,"_kad_post_footer":false,"_glsr_average":0,"_glsr_ranking":0,"_glsr_reviews":0},"product_brand":[],"product_cat":[24],"product_tag":[31,29,33,34,32],"class_list":{"0":"post-1366","1":"product","2":"type-product","3":"status-publish","4":"has-post-thumbnail","6":"product_cat-shaping-vests","7":"product_tag-maximum-compression","8":"product_tag-shapewear","9":"product_tag-shaping-vest","10":"product_tag-vest","11":"product_tag-women","13":"first","14":"instock","15":"taxable","16":"shipping-taxable","17":"purchasable","18":"product-type-variable","19":"entry","20":"content-bg","21":"loop-entry"},"aioseo_notices":[],"jetpack_sharing_enabled":true,"_links":{"self":[{"href":"https:\/\/auracurveus.com\/es\/wp-json\/wp\/v2\/product\/1366","targetHints":{"allow":["GET"]}}],"collection":[{"href":"https:\/\/auracurveus.com\/es\/wp-json\/wp\/v2\/product"}],"about":[{"href":"https:\/\/auracurveus.com\/es\/wp-json\/wp\/v2\/types\/product"}],"replies":[{"embeddable":true,"href":"https:\/\/auracurveus.com\/es\/wp-json\/wp\/v2\/comments?post=1366"}],"wp:featuredmedia":[{"embeddable":true,"href":"https:\/\/auracurveus.com\/es\/wp-json\/wp\/v2\/media\/1742"}],"wp:attachment":[{"href":"https:\/\/auracurveus.com\/es\/wp-json\/wp\/v2\/media?parent=1366"}],"wp:term":[{"taxonomy":"product_brand","embeddable":true,"href":"https:\/\/auracurveus.com\/es\/wp-json\/wp\/v2\/product_brand?post=1366"},{"taxonomy":"product_cat","embeddable":true,"href":"https:\/\/auracurveus.com\/es\/wp-json\/wp\/v2\/product_cat?post=1366"},{"taxonomy":"product_tag","embeddable":true,"href":"https:\/\/auracurveus.com\/es\/wp-json\/wp\/v2\/product_tag?post=1366"}],"curies":[{"name":"wp","href":"https:\/\/api.w.org\/{rel}","templated":true}]}}