{"id":1347,"date":"2025-08-12T18:10:01","date_gmt":"2025-08-12T18:10:01","guid":{"rendered":"https:\/\/auracurveus.com\/?post_type=product&#038;p=1347"},"modified":"2025-09-28T20:02:35","modified_gmt":"2025-09-28T20:02:35","slug":"waist-cincher-xtreme-max-compression","status":"publish","type":"product","link":"https:\/\/auracurveus.com\/es\/product\/waist-cincher-xtreme-max-compression\/","title":{"rendered":"Cinturilla Xtreme \u2013 M\u00e1xima Compresi\u00f3n"},"content":{"rendered":"<p data-start=\"119\" data-end=\"142\"><strong data-start=\"119\" data-end=\"142\">MAXIMUM COMPRESSION SHAPEWEAR<\/strong><\/p>\n<ul data-start=\"144\" data-end=\"481\">\n<li data-start=\"144\" data-end=\"187\">\n<p data-start=\"146\" data-end=\"187\">9 flexible boning rods for firm support<\/p>\n<\/li>\n<li data-start=\"188\" data-end=\"238\">\n<p data-start=\"190\" data-end=\"238\">Internal elastic band for enhanced compression<\/p>\n<\/li>\n<li data-start=\"239\" data-end=\"292\">\n<p data-start=\"241\" data-end=\"292\">3 adjustable levels to fit your abdomen perfectly<\/p>\n<\/li>\n<li data-start=\"293\" data-end=\"336\">\n<p data-start=\"295\" data-end=\"336\">Supportive hooks to ease zipper closure<\/p>\n<\/li>\n<li data-start=\"337\" data-end=\"371\">\n<p data-start=\"339\" data-end=\"371\">Elegant gold zipper and clasps<\/p>\n<\/li>\n<li data-start=\"372\" data-end=\"412\">\n<p data-start=\"374\" data-end=\"412\">Soft cotton inner lining for comfort<\/p>\n<\/li>\n<li data-start=\"413\" data-end=\"455\">\n<p data-start=\"415\" data-end=\"455\">High-compression Powernet outer fabric<\/p>\n<\/li>\n<li data-start=\"456\" data-end=\"481\">\n<p data-start=\"458\" data-end=\"481\">Helps improve posture<\/p>\n<\/li>\n<\/ul>","protected":false},"excerpt":{"rendered":"<p>Dise\u00f1ado para esculpir la cintura, aplanar el abdomen y mejorar la postura, proporcionando la m\u00e1xima compresi\u00f3n con comodidad para el uso diario o en ocasiones especiales.<\/p>","protected":false},"featured_media":1386,"comment_status":"open","ping_status":"closed","template":"","meta":{"_kadence_starter_templates_imported_post":false,"_kad_post_transparent":"default","_kad_post_title":"","_kad_post_layout":"default","_kad_post_sidebar_id":"","_kad_post_content_style":"boxed","_kad_post_vertical_padding":"default","_kad_post_feature":"","_kad_post_feature_position":"","_kad_post_header":false,"_kad_post_footer":false,"_glsr_average":0,"_glsr_ranking":0,"_glsr_reviews":0},"product_brand":[],"product_cat":[23],"product_tag":[31,29,30,32],"class_list":{"0":"post-1347","1":"product","2":"type-product","3":"status-publish","4":"has-post-thumbnail","6":"product_cat-waist-cinchers-shapers","7":"product_tag-maximum-compression","8":"product_tag-shapewear","9":"product_tag-waist-cinchers","10":"product_tag-women","12":"first","13":"instock","14":"taxable","15":"shipping-taxable","16":"purchasable","17":"product-type-variable","18":"entry","19":"content-bg","20":"loop-entry"},"aioseo_notices":[],"jetpack_sharing_enabled":true,"_links":{"self":[{"href":"https:\/\/auracurveus.com\/es\/wp-json\/wp\/v2\/product\/1347","targetHints":{"allow":["GET"]}}],"collection":[{"href":"https:\/\/auracurveus.com\/es\/wp-json\/wp\/v2\/product"}],"about":[{"href":"https:\/\/auracurveus.com\/es\/wp-json\/wp\/v2\/types\/product"}],"replies":[{"embeddable":true,"href":"https:\/\/auracurveus.com\/es\/wp-json\/wp\/v2\/comments?post=1347"}],"wp:featuredmedia":[{"embeddable":true,"href":"https:\/\/auracurveus.com\/es\/wp-json\/wp\/v2\/media\/1386"}],"wp:attachment":[{"href":"https:\/\/auracurveus.com\/es\/wp-json\/wp\/v2\/media?parent=1347"}],"wp:term":[{"taxonomy":"product_brand","embeddable":true,"href":"https:\/\/auracurveus.com\/es\/wp-json\/wp\/v2\/product_brand?post=1347"},{"taxonomy":"product_cat","embeddable":true,"href":"https:\/\/auracurveus.com\/es\/wp-json\/wp\/v2\/product_cat?post=1347"},{"taxonomy":"product_tag","embeddable":true,"href":"https:\/\/auracurveus.com\/es\/wp-json\/wp\/v2\/product_tag?post=1347"}],"curies":[{"name":"wp","href":"https:\/\/api.w.org\/{rel}","templated":true}]}}