{"id":1142,"date":"2020-12-02T21:22:44","date_gmt":"2020-12-02T21:22:44","guid":{"rendered":"https:\/\/startertemplatecloud.com\/g02\/?page_id=1142"},"modified":"2025-09-28T20:17:18","modified_gmt":"2025-09-28T20:17:18","slug":"contact","status":"publish","type":"page","link":"https:\/\/auracurveus.com\/es\/contact\/","title":{"rendered":"Contacto"},"content":{"rendered":"<style>.kb-row-layout-id1142_6dd579-d2 > .kt-row-column-wrap{align-content:end;}:where(.kb-row-layout-id1142_6dd579-d2 > .kt-row-column-wrap) > .wp-block-kadence-column{justify-content:end;}.kb-row-layout-id1142_6dd579-d2 > .kt-row-column-wrap{column-gap:var(--global-kb-gap-md, 2rem);row-gap:var(--global-kb-gap-md, 2rem);max-width:var( --global-content-width, 1290px );padding-left:var(--global-content-edge-padding);padding-right:var(--global-content-edge-padding);padding-top:150px;padding-bottom:25px;min-height:400px;grid-template-columns:repeat(2, minmax(0, 1fr));}.kb-row-layout-id1142_6dd579-d2{background-image:url('https:\/\/auracurveus.com\/wp-content\/uploads\/2025\/08\/vintage-red-phone-handset-with-coiled-cable-on-a-clean-white-background-classic-communication-device.-33999-scaled-e1754679913547.jpg');background-size:cover;background-position:center center;background-attachment:scroll;background-repeat:no-repeat;}.kb-row-layout-id1142_6dd579-d2 > .kt-row-layout-overlay{opacity:0.10;background-color:var(--global-palette1, #3182CE);}@media all and (max-width: 1024px){.kb-row-layout-id1142_6dd579-d2 > .kt-row-column-wrap{grid-template-columns:repeat(2, minmax(0, 1fr));}}@media all and (max-width: 767px){.kb-row-layout-id1142_6dd579-d2 > .kt-row-column-wrap{min-height:200px;grid-template-columns:minmax(0, 1fr);}}<\/style><div class=\"kb-row-layout-wrap kb-row-layout-id1142_6dd579-d2 alignnone kt-row-has-bg wp-block-kadence-rowlayout\"><div class=\"kt-row-layout-overlay kt-row-overlay-normal\"><\/div><div class=\"kt-row-column-wrap kt-has-2-columns kt-row-layout-equal kt-tab-layout-inherit kt-mobile-layout-row kt-row-valign-bottom kb-theme-content-width\">\n<style>.kadence-column1142_a49723-d9 > .kt-inside-inner-col,.kadence-column1142_a49723-d9 > .kt-inside-inner-col:before{border-top-left-radius:0px;border-top-right-radius:0px;border-bottom-right-radius:0px;border-bottom-left-radius:0px;}.kadence-column1142_a49723-d9 > .kt-inside-inner-col{column-gap:var(--global-kb-gap-sm, 1rem);}.kadence-column1142_a49723-d9 > .kt-inside-inner-col{flex-direction:column;}.kadence-column1142_a49723-d9 > .kt-inside-inner-col > .aligncenter{width:100%;}.kadence-column1142_a49723-d9 > .kt-inside-inner-col:before{opacity:0.3;}.kadence-column1142_a49723-d9{position:relative;}@media all and (max-width: 1024px){.kadence-column1142_a49723-d9 > .kt-inside-inner-col{flex-direction:column;justify-content:center;}}@media all and (max-width: 767px){.kadence-column1142_a49723-d9 > .kt-inside-inner-col{flex-direction:column;justify-content:center;}}<\/style>\n<div class=\"wp-block-kadence-column kadence-column1142_a49723-d9 inner-column-1\"><div class=\"kt-inside-inner-col\"><style>.wp-block-kadence-advancedheading.kt-adv-heading1142_06493a-b4, .wp-block-kadence-advancedheading.kt-adv-heading1142_06493a-b4[data-kb-block=\"kb-adv-heading1142_06493a-b4\"]{font-size:60px;font-weight:normal;font-style:normal;text-transform:none;}.wp-block-kadence-advancedheading.kt-adv-heading1142_06493a-b4 mark.kt-highlight, .wp-block-kadence-advancedheading.kt-adv-heading1142_06493a-b4[data-kb-block=\"kb-adv-heading1142_06493a-b4\"] mark.kt-highlight{font-weight:normal;font-style:normal;color:#f76a0c;-webkit-box-decoration-break:clone;box-decoration-break:clone;padding-top:0px;padding-right:0px;padding-bottom:0px;padding-left:0px;}@media all and (max-width: 1024px){.wp-block-kadence-advancedheading.kt-adv-heading1142_06493a-b4, .wp-block-kadence-advancedheading.kt-adv-heading1142_06493a-b4[data-kb-block=\"kb-adv-heading1142_06493a-b4\"]{font-size:50px;}}@media all and (max-width: 767px){.wp-block-kadence-advancedheading.kt-adv-heading1142_06493a-b4, .wp-block-kadence-advancedheading.kt-adv-heading1142_06493a-b4[data-kb-block=\"kb-adv-heading1142_06493a-b4\"]{font-size:40px;}}<\/style>\n<h1 class=\"kt-adv-heading1142_06493a-b4 wp-block-kadence-advancedheading has-theme-palette-2-color has-text-color\" data-kb-block=\"kb-adv-heading1142_06493a-b4\">Cont\u00e1ctanos<\/h1>\n<\/div><\/div>\n\n\n<style>.kadence-column1142_02813a-ee > .kt-inside-inner-col,.kadence-column1142_02813a-ee > .kt-inside-inner-col:before{border-top-left-radius:0px;border-top-right-radius:0px;border-bottom-right-radius:0px;border-bottom-left-radius:0px;}.kadence-column1142_02813a-ee > .kt-inside-inner-col{column-gap:var(--global-kb-gap-sm, 1rem);}.kadence-column1142_02813a-ee > .kt-inside-inner-col{flex-direction:column;}.kadence-column1142_02813a-ee > .kt-inside-inner-col > .aligncenter{width:100%;}.kadence-column1142_02813a-ee > .kt-inside-inner-col:before{opacity:0.3;}.kadence-column1142_02813a-ee{position:relative;}@media all and (max-width: 1024px){.kadence-column1142_02813a-ee > .kt-inside-inner-col{flex-direction:column;justify-content:center;}}@media all and (max-width: 767px){.kadence-column1142_02813a-ee > .kt-inside-inner-col{flex-direction:column;justify-content:center;}}<\/style>\n<div class=\"wp-block-kadence-column kadence-column1142_02813a-ee inner-column-2\"><div class=\"kt-inside-inner-col\"><\/div><\/div>\n\n<\/div><\/div>\n\n<style>.kb-row-layout-id1142_29853d-ec > .kt-row-column-wrap{align-content:start;}:where(.kb-row-layout-id1142_29853d-ec > .kt-row-column-wrap) > .wp-block-kadence-column{justify-content:start;}.kb-row-layout-id1142_29853d-ec > .kt-row-column-wrap{column-gap:var(--global-kb-gap-md, 2rem);row-gap:var(--global-kb-gap-md, 2rem);max-width:var( --global-content-width, 1290px );padding-left:var(--global-content-edge-padding);padding-right:var(--global-content-edge-padding);padding-top:50px;padding-bottom:25px;grid-template-columns:repeat(2, minmax(0, 1fr));}.kb-row-layout-id1142_29853d-ec > .kt-row-layout-overlay{opacity:0.30;}@media all and (max-width: 1024px){.kb-row-layout-id1142_29853d-ec > .kt-row-column-wrap{grid-template-columns:minmax(0, 1fr);}}@media all and (max-width: 767px){.kb-row-layout-id1142_29853d-ec > .kt-row-column-wrap{grid-template-columns:minmax(0, 1fr);}}<\/style><div class=\"kb-row-layout-wrap kb-row-layout-id1142_29853d-ec alignnone wp-block-kadence-rowlayout\"><div class=\"kt-row-column-wrap kt-has-2-columns kt-row-layout-equal kt-tab-layout-row kt-mobile-layout-row kt-row-valign-top kb-theme-content-width\">\n<style>.kadence-column1142_0259a2-38 > .kt-inside-inner-col{padding-top:30px;}.kadence-column1142_0259a2-38 > .kt-inside-inner-col,.kadence-column1142_0259a2-38 > .kt-inside-inner-col:before{border-top-left-radius:0px;border-top-right-radius:0px;border-bottom-right-radius:0px;border-bottom-left-radius:0px;}.kadence-column1142_0259a2-38 > .kt-inside-inner-col{column-gap:var(--global-kb-gap-sm, 1rem);}.kadence-column1142_0259a2-38 > .kt-inside-inner-col{flex-direction:column;}.kadence-column1142_0259a2-38 > .kt-inside-inner-col > .aligncenter{width:100%;}.kadence-column1142_0259a2-38 > .kt-inside-inner-col:before{opacity:0.3;}.kadence-column1142_0259a2-38{position:relative;}@media all and (max-width: 1024px){.kadence-column1142_0259a2-38 > .kt-inside-inner-col{padding-top:1px;flex-direction:column;justify-content:center;}}@media all and (max-width: 767px){.kadence-column1142_0259a2-38 > .kt-inside-inner-col{padding-top:1px;flex-direction:column;justify-content:center;}}<\/style>\n<div class=\"wp-block-kadence-column kadence-column1142_0259a2-38 inner-column-1\"><div class=\"kt-inside-inner-col\"><style>.wp-block-kadence-advancedheading.kt-adv-heading1142_66f70e-56, .wp-block-kadence-advancedheading.kt-adv-heading1142_66f70e-56[data-kb-block=\"kb-adv-heading1142_66f70e-56\"]{font-size:40px;font-weight:normal;font-style:normal;text-transform:none;}.wp-block-kadence-advancedheading.kt-adv-heading1142_66f70e-56 mark.kt-highlight, .wp-block-kadence-advancedheading.kt-adv-heading1142_66f70e-56[data-kb-block=\"kb-adv-heading1142_66f70e-56\"] mark.kt-highlight{font-weight:normal;font-style:normal;color:#f76a0c;-webkit-box-decoration-break:clone;box-decoration-break:clone;padding-top:0px;padding-right:0px;padding-bottom:0px;padding-left:0px;}@media all and (max-width: 1024px){.wp-block-kadence-advancedheading.kt-adv-heading1142_66f70e-56, .wp-block-kadence-advancedheading.kt-adv-heading1142_66f70e-56[data-kb-block=\"kb-adv-heading1142_66f70e-56\"]{font-size:40px;}}@media all and (max-width: 767px){.wp-block-kadence-advancedheading.kt-adv-heading1142_66f70e-56, .wp-block-kadence-advancedheading.kt-adv-heading1142_66f70e-56[data-kb-block=\"kb-adv-heading1142_66f70e-56\"]{font-size:30px;}}<\/style>\n<h2 class=\"kt-adv-heading1142_66f70e-56 wp-block-kadence-advancedheading\" data-kb-block=\"kb-adv-heading1142_66f70e-56\">Tu satisfacci\u00f3n es nuestra prioridad<\/h2>\n\n\n\n<p>\u00bfTienes alguna pregunta sobre nuestros productos, necesitas ayuda con tu pedido o simplemente quieres compartir tu opini\u00f3n? \u00a1Nos encantar\u00eda escucharte! Nuestro equipo est\u00e1 aqu\u00ed para brindarte atenci\u00f3n personalizada y asegurarse de que tengas la mejor experiencia de compra posible.&nbsp;<\/p>\n<\/div><\/div>\n\n\n<style>.kadence-column1142_23eb6d-cd > .kt-inside-inner-col{padding-top:40px;padding-right:40px;padding-bottom:40px;padding-left:40px;}.kadence-column1142_23eb6d-cd > .kt-inside-inner-col,.kadence-column1142_23eb6d-cd > .kt-inside-inner-col:before{border-top-left-radius:3px;border-top-right-radius:3px;border-bottom-right-radius:3px;border-bottom-left-radius:3px;}.kadence-column1142_23eb6d-cd > .kt-inside-inner-col{column-gap:var(--global-kb-gap-sm, 1rem);}.kadence-column1142_23eb6d-cd > .kt-inside-inner-col{flex-direction:column;}.kadence-column1142_23eb6d-cd > .kt-inside-inner-col > .aligncenter{width:100%;}.kadence-column1142_23eb6d-cd > .kt-inside-inner-col{background-color:var(--global-palette7, #EDF2F7);}.kadence-column1142_23eb6d-cd > .kt-inside-inner-col:before{opacity:0.3;}.kadence-column1142_23eb6d-cd{position:relative;}.kadence-column1142_23eb6d-cd, .kt-inside-inner-col > .kadence-column1142_23eb6d-cd:not(.specificity){margin-top:-200px;}@media all and (max-width: 1024px){.kadence-column1142_23eb6d-cd > .kt-inside-inner-col{flex-direction:column;justify-content:center;}}@media all and (max-width: 1024px){.kadence-column1142_23eb6d-cd, .kt-inside-inner-col > .kadence-column1142_23eb6d-cd:not(.specificity){margin-top:10px;}}@media all and (max-width: 767px){.kadence-column1142_23eb6d-cd > .kt-inside-inner-col{padding-top:30px;padding-right:30px;padding-bottom:30px;padding-left:30px;flex-direction:column;justify-content:center;}.kadence-column1142_23eb6d-cd, .kt-inside-inner-col > .kadence-column1142_23eb6d-cd:not(.specificity){margin-top:10px;}}<\/style>\n<div class=\"wp-block-kadence-column kadence-column1142_23eb6d-cd\"><div class=\"kt-inside-inner-col\"><style>.wp-block-kadence-advancedheading.kt-adv-heading1142_934729-bf, .wp-block-kadence-advancedheading.kt-adv-heading1142_934729-bf[data-kb-block=\"kb-adv-heading1142_934729-bf\"]{font-size:40px;font-weight:normal;font-style:normal;}.wp-block-kadence-advancedheading.kt-adv-heading1142_934729-bf mark.kt-highlight, .wp-block-kadence-advancedheading.kt-adv-heading1142_934729-bf[data-kb-block=\"kb-adv-heading1142_934729-bf\"] mark.kt-highlight{font-weight:normal;font-style:normal;color:#f76a0c;-webkit-box-decoration-break:clone;box-decoration-break:clone;padding-top:0px;padding-right:0px;padding-bottom:0px;padding-left:0px;}@media all and (max-width: 1024px){.wp-block-kadence-advancedheading.kt-adv-heading1142_934729-bf, .wp-block-kadence-advancedheading.kt-adv-heading1142_934729-bf[data-kb-block=\"kb-adv-heading1142_934729-bf\"]{font-size:30px;}}@media all and (max-width: 767px){.wp-block-kadence-advancedheading.kt-adv-heading1142_934729-bf, .wp-block-kadence-advancedheading.kt-adv-heading1142_934729-bf[data-kb-block=\"kb-adv-heading1142_934729-bf\"]{font-size:30px;}}<\/style>\n<h2 class=\"kt-adv-heading1142_934729-bf wp-block-kadence-advancedheading\" data-kb-block=\"kb-adv-heading1142_934729-bf\">Escr\u00edbenos a WhatsApp<\/h2>\n\n\n<style>.wp-block-kadence-advancedheading.kt-adv-heading1142_790dfc-9d, .wp-block-kadence-advancedheading.kt-adv-heading1142_790dfc-9d[data-kb-block=\"kb-adv-heading1142_790dfc-9d\"]{font-size:25px;font-weight:normal;font-style:normal;}.wp-block-kadence-advancedheading.kt-adv-heading1142_790dfc-9d[data-kb-block=\"kb-adv-heading1142_790dfc-9d\"]{display:flex;gap:0.25em;align-items:center;}.wp-block-kadence-advancedheading.kt-adv-heading1142_790dfc-9d[data-kb-block=\"kb-adv-heading1142_790dfc-9d\"] .kb-adv-heading-icon svg{width:1em;height:1em;}.wp-block-kadence-advancedheading.kt-adv-heading1142_790dfc-9d[data-kb-block=\"kb-adv-heading1142_790dfc-9d\"] .kb-adv-heading-icon{color:#01b41e;}.wp-block-kadence-advancedheading.kt-adv-heading1142_790dfc-9d[data-kb-block=\"kb-adv-heading1142_790dfc-9d\"]:hover .kb-adv-heading-icon{color:var(--global-palette1, #3182CE);}.wp-block-kadence-advancedheading.kt-adv-heading1142_790dfc-9d mark.kt-highlight, .wp-block-kadence-advancedheading.kt-adv-heading1142_790dfc-9d[data-kb-block=\"kb-adv-heading1142_790dfc-9d\"] mark.kt-highlight{font-weight:normal;font-style:normal;color:#f76a0c;-webkit-box-decoration-break:clone;box-decoration-break:clone;padding-top:0px;padding-right:0px;padding-bottom:0px;padding-left:0px;}@media all and (max-width: 1024px){.wp-block-kadence-advancedheading.kt-adv-heading1142_790dfc-9d, .wp-block-kadence-advancedheading.kt-adv-heading1142_790dfc-9d[data-kb-block=\"kb-adv-heading1142_790dfc-9d\"]{font-size:20px;}}@media all and (max-width: 767px){.wp-block-kadence-advancedheading.kt-adv-heading1142_790dfc-9d, .wp-block-kadence-advancedheading.kt-adv-heading1142_790dfc-9d[data-kb-block=\"kb-adv-heading1142_790dfc-9d\"]{font-size:20px;}}<\/style><h3 class=\"kt-adv-heading1142_790dfc-9d wp-block-kadence-advancedheading kt-adv-heading-has-icon\" data-kb-block=\"kb-adv-heading1142_790dfc-9d\"><span class=\"kb-svg-icon-wrap kb-adv-heading-icon kb-svg-icon-fa_whatsapp kb-adv-heading-icon-side-left\"><svg viewbox=\"0 0 448 512\"  fill=\"currentColor\" xmlns=\"http:\/\/www.w3.org\/2000\/svg\"  aria-hidden=\"true\"><path d=\"M380.9 97.1C339 55.1 283.2 32 223.9 32c-122.4 0-222 99.6-222 222 0 39.1 10.2 77.3 29.6 111L0 480l117.7-30.9c32.4 17.7 68.9 27 106.1 27h.1c122.3 0 224.1-99.6 224.1-222 0-59.3-25.2-115-67.1-157zm-157 341.6c-33.2 0-65.7-8.9-94-25.7l-6.7-4-69.8 18.3L72 359.2l-4.4-7c-18.5-29.4-28.2-63.3-28.2-98.2 0-101.7 82.8-184.5 184.6-184.5 49.3 0 95.6 19.2 130.4 54.1 34.8 34.9 56.2 81.2 56.1 130.5 0 101.8-84.9 184.6-186.6 184.6zm101.2-138.2c-5.5-2.8-32.8-16.2-37.9-18-5.1-1.9-8.8-2.8-12.5 2.8-3.7 5.6-14.3 18-17.6 21.8-3.2 3.7-6.5 4.2-12 1.4-32.6-16.3-54-29.1-75.5-66-5.7-9.8 5.7-9.1 16.3-30.3 1.8-3.7.9-6.9-.5-9.7-1.4-2.8-12.5-30.1-17.1-41.2-4.5-10.8-9.1-9.3-12.5-9.5-3.2-.2-6.9-.2-10.6-.2-3.7 0-9.7 1.4-14.8 6.9-5.1 5.6-19.4 19-19.4 46.3 0 27.3 19.9 53.7 22.6 57.4 2.8 3.7 39.1 59.7 94.8 83.8 35.2 15.2 49 16.5 66.6 13.9 10.7-1.6 32.8-13.4 37.4-26.4 4.6-13 4.6-24.1 3.2-26.4-1.3-2.5-5-3.9-10.5-6.6z\"\/><\/svg><\/span><span class=\"kb-adv-text-inner\">+1 (623) 632 5238 <\/span><\/h3>\n\n\n<p>\u00bfNecesitas asistencia r\u00e1pida? Chatea con nosotros en WhatsApp para recibir respuestas inmediatas, ayuda personalizada y actualizaciones sobre tus pedidos.<\/p>\n\n\n<style>.wp-block-kadence-advancedheading.kt-adv-heading1142_faa4eb-68, .wp-block-kadence-advancedheading.kt-adv-heading1142_faa4eb-68[data-kb-block=\"kb-adv-heading1142_faa4eb-68\"]{font-weight:normal;font-style:normal;}.wp-block-kadence-advancedheading.kt-adv-heading1142_faa4eb-68 mark.kt-highlight, .wp-block-kadence-advancedheading.kt-adv-heading1142_faa4eb-68[data-kb-block=\"kb-adv-heading1142_faa4eb-68\"] mark.kt-highlight{font-weight:normal;font-style:normal;color:#f76a0c;-webkit-box-decoration-break:clone;box-decoration-break:clone;padding-top:0px;padding-right:0px;padding-bottom:0px;padding-left:0px;}<\/style>\n<h4 class=\"kt-adv-heading1142_faa4eb-68 wp-block-kadence-advancedheading\" data-kb-block=\"kb-adv-heading1142_faa4eb-68\">\u00bfNecesitas ayuda con tu orden?<\/h4>\n\n\n\n<p>Llena este formulario o escribe a nuestro correo.<\/p>\n\n\n<style>.kadence-form-1142_8bd6a3-8e .kb-form .kadence-blocks-form-field{margin-bottom:8px;}.kadence-form-1142_8bd6a3-8e .kb-form .kadence-blocks-form-field .kb-text-style-field, .kadence-form-1142_8bd6a3-8e .kb-form .kadence-blocks-form-field .kb-select-style-field{color:var(--global-palette3, #1A202C);background:var(--global-palette9, #ffffff);border-color:var(--global-palette8, #F7FAFC);}.kadence-form-1142_8bd6a3-8e .kb-form .kadence-blocks-form-field .kb-forms-submit{color:#ffffff;border-radius:27px;background:var(--global-palette1, #3182CE);}.kadence-form-1142_8bd6a3-8e .kb-form .kadence-blocks-form-field .kb-forms-submit:hover, .kadence-form-1142_8bd6a3-8e .kb-form .kadence-blocks-form-field .kb-forms-submit:focus {color:#ffffff;background:var(--global-palette2, #2B6CB0);}.kb-form input.kadence-blocks-field.verify{opacity:0.0;position:absolute;top:0.0;left:0.0;width:0.0;height:0.0;z-index:-1;}<\/style>\n<div class=\"wp-block-kadence-form kadence-form-1142_8bd6a3-8e kb-form-wrap kb-form-align-right\"><form class=\"kb-form\" action=\"\" method=\"post\" data-trp-original-action=\"\"><div class=\"kadence-blocks-form-field kb-field-desk-width-100 kb-input-size-standard\"><input name=\"kb_field_0\" id=\"kb_field_1142_8bd6a3-8e_0\" data-label=\"Email\" type=\"email\" placeholder=\"Correo Electr\u00f3nico\" value=\"\" data-type=\"email\" class=\"kb-field kb-text-style-field kb-email-field kb-field-0\" data-required=\"yes\"\/><\/div><div class=\"kadence-blocks-form-field kb-form-field-1 kb-field-desk-width-100 kb-input-size-standard\"><input name=\"kb_field_1\" id=\"kb_field_1142_8bd6a3-8e_1\" data-label=\"Subject\" type=\"text\" placeholder=\"Subject\" value=\"\" data-type=\"text\" class=\"kb-field kb-text-style-field kb-text-field kb-field-1\"\/><\/div><div class=\"kadence-blocks-form-field kb-form-field-2 kb-field-desk-width-100 kb-input-size-standard\"><textarea name=\"kb_field_2\" id=\"kb_field_1142_8bd6a3-8e_2\" data-label=\"Message\" type=\"textarea\" placeholder=\"Tu Mensaje\" data-type=\"textarea\" class=\"kb-field kb-text-style-field kb-textarea-field kb-field-2\" rows=\"4\" data-required=\"yes\"><\/textarea><\/div><input type=\"hidden\" name=\"_kb_form_id\" value=\"1142_8bd6a3-8e\"\/><input type=\"hidden\" name=\"_kb_form_post_id\" value=\"1142\"\/><input type=\"hidden\" name=\"action\" value=\"kb_process_ajax_submit\"\/><label class=\"kadence-verify-label\">Correo electr\u00f3nico<input class=\"kadence-blocks-field verify\" type=\"text\" name=\"_kb_verify_email\" autocomplete=\"new-password\" aria-hidden=\"true\" placeholder=\"Correo electr\u00f3nico\" tabindex=\"-1\" data-1p-ignore=\"true\" data-lpignore=\"true\" \/><\/label><div class=\"kadence-blocks-form-field kb-submit-field kb-field-desk-width-100\"><button class=\"kb-forms-submit button kb-button-size-standard kb-button-width-auto\">Enviar<\/button><\/div><input type=\"hidden\" name=\"trp-form-language\" value=\"es\"\/><\/form><\/div>\n<noscript><div class=\"kadence-blocks-form-message kadence-blocks-form-warning\">Please enable JavaScript in your browser to submit the form<\/div><style>.kadence-form-1142_8bd6a3-8e .kadence-blocks-form-field.kb-submit-field { display: none; }<\/style><\/noscript><\/div><\/div>\n\n<\/div><\/div>\n\n<style>.kb-row-layout-id1142_6a7c8c-36 > .kt-row-column-wrap{align-content:start;}:where(.kb-row-layout-id1142_6a7c8c-36 > .kt-row-column-wrap) > .wp-block-kadence-column{justify-content:start;}.kb-row-layout-id1142_6a7c8c-36 > .kt-row-column-wrap{column-gap:var(--global-kb-gap-md, 2rem);row-gap:var(--global-kb-gap-md, 2rem);max-width:var( --global-content-width, 1290px );padding-left:var(--global-content-edge-padding);padding-right:var(--global-content-edge-padding);padding-top:25px;padding-bottom:40px;grid-template-columns:minmax(0, 1fr);}.kb-row-layout-id1142_6a7c8c-36 > .kt-row-layout-overlay{opacity:0.30;}@media all and (max-width: 1024px){.kb-row-layout-id1142_6a7c8c-36 > .kt-row-column-wrap{grid-template-columns:minmax(0, 1fr);}}@media all and (max-width: 767px){.kb-row-layout-id1142_6a7c8c-36 > .kt-row-column-wrap{grid-template-columns:minmax(0, 1fr);}}<\/style><div class=\"kb-row-layout-wrap kb-row-layout-id1142_6a7c8c-36 alignnone wp-block-kadence-rowlayout\"><div class=\"kt-row-column-wrap kt-has-1-columns kt-row-layout-equal kt-tab-layout-inherit kt-mobile-layout-row kt-row-valign-top kb-theme-content-width\">\n<style>.kadence-column1142_f2c807-68 > .kt-inside-inner-col,.kadence-column1142_f2c807-68 > .kt-inside-inner-col:before{border-top-left-radius:0px;border-top-right-radius:0px;border-bottom-right-radius:0px;border-bottom-left-radius:0px;}.kadence-column1142_f2c807-68 > .kt-inside-inner-col{column-gap:var(--global-kb-gap-sm, 1rem);}.kadence-column1142_f2c807-68 > .kt-inside-inner-col{flex-direction:column;}.kadence-column1142_f2c807-68 > .kt-inside-inner-col > .aligncenter{width:100%;}.kadence-column1142_f2c807-68 > .kt-inside-inner-col:before{opacity:0.3;}.kadence-column1142_f2c807-68{position:relative;}@media all and (max-width: 1024px){.kadence-column1142_f2c807-68 > .kt-inside-inner-col{flex-direction:column;justify-content:center;}}@media all and (max-width: 767px){.kadence-column1142_f2c807-68 > .kt-inside-inner-col{flex-direction:column;justify-content:center;}}<\/style>\n<div class=\"wp-block-kadence-column kadence-column1142_f2c807-68 inner-column-1\"><div class=\"kt-inside-inner-col\"><style>.wp-block-kadence-spacer.kt-block-spacer-1142_38f80f-b5 .kt-block-spacer{height:60px;}.wp-block-kadence-spacer.kt-block-spacer-1142_38f80f-b5 .kt-divider{border-top-width:1px;height:1px;border-top-color:var(--global-palette7, #EDF2F7);width:100%;border-top-style:solid;}<\/style>\n<div class=\"wp-block-kadence-spacer aligncenter kt-block-spacer-1142_38f80f-b5\"><div class=\"kt-block-spacer kt-block-spacer-halign-center\"><hr class=\"kt-divider\"\/><\/div><\/div>\n<\/div><\/div>\n\n<\/div><\/div>","protected":false},"excerpt":{"rendered":"<p>Get In Touch Your satisfaction is our priority. Have a question about our products, need help with your order, or simply want to share your feedback? We\u2019d love to hear from you! Our team is here to provide you with personalized assistance and ensure you have the best shopping experience possible.&nbsp; WhatsApp Us +1 (623)&#8230;<\/p>","protected":false},"author":1,"featured_media":1173,"parent":0,"menu_order":0,"comment_status":"closed","ping_status":"closed","template":"","meta":{"_kadence_starter_templates_imported_post":true,"_kad_post_transparent":"","_kad_post_title":"hide","_kad_post_layout":"fullwidth","_kad_post_sidebar_id":"","_kad_post_content_style":"unboxed","_kad_post_vertical_padding":"hide","_kad_post_feature":"","_kad_post_feature_position":"","_kad_post_header":false,"_kad_post_footer":false,"_glsr_average":0,"_glsr_ranking":0,"_glsr_reviews":0,"footnotes":""},"class_list":["post-1142","page","type-page","status-publish","has-post-thumbnail","hentry"],"aioseo_notices":[],"jetpack_sharing_enabled":true,"_links":{"self":[{"href":"https:\/\/auracurveus.com\/es\/wp-json\/wp\/v2\/pages\/1142","targetHints":{"allow":["GET"]}}],"collection":[{"href":"https:\/\/auracurveus.com\/es\/wp-json\/wp\/v2\/pages"}],"about":[{"href":"https:\/\/auracurveus.com\/es\/wp-json\/wp\/v2\/types\/page"}],"author":[{"embeddable":true,"href":"https:\/\/auracurveus.com\/es\/wp-json\/wp\/v2\/users\/1"}],"replies":[{"embeddable":true,"href":"https:\/\/auracurveus.com\/es\/wp-json\/wp\/v2\/comments?post=1142"}],"version-history":[{"count":7,"href":"https:\/\/auracurveus.com\/es\/wp-json\/wp\/v2\/pages\/1142\/revisions"}],"predecessor-version":[{"id":1748,"href":"https:\/\/auracurveus.com\/es\/wp-json\/wp\/v2\/pages\/1142\/revisions\/1748"}],"wp:featuredmedia":[{"embeddable":true,"href":"https:\/\/auracurveus.com\/es\/wp-json\/wp\/v2\/media\/1173"}],"wp:attachment":[{"href":"https:\/\/auracurveus.com\/es\/wp-json\/wp\/v2\/media?parent=1142"}],"curies":[{"name":"wp","href":"https:\/\/api.w.org\/{rel}","templated":true}]}}